{"id":595,"date":"2023-01-29T21:20:14","date_gmt":"2023-01-29T20:20:14","guid":{"rendered":"https:\/\/busvizslan.se\/?page_id=595"},"modified":"2026-03-17T10:34:21","modified_gmt":"2026-03-17T09:34:21","slug":"om-var-kennel","status":"publish","type":"page","link":"https:\/\/busvizslan.se\/?page_id=595","title":{"rendered":"Om v\u00e5r kennel"},"content":{"rendered":"<div data-colibri-id=\"595-c1\" class=\"style-1236 style-local-595-c1 position-relative\">\n  <!---->\n  <div data-colibri-component=\"section\" data-colibri-id=\"595-c2\" id=\"custom-2\" class=\"h-section h-section-global-spacing d-flex align-items-lg-center align-items-md-center align-items-center style-1237 style-local-595-c2 position-relative\">\n    <!---->\n    <!---->\n    <div class=\"h-section-grid-container h-section-boxed-container\">\n      <!---->\n      <div data-colibri-id=\"595-c3\" class=\"h-row-container gutters-row-lg-0 gutters-row-md-0 gutters-row-0 gutters-row-v-lg-0 gutters-row-v-md-0 gutters-row-v-0 style-1238 style-local-595-c3 position-relative\">\n        <!---->\n        <div class=\"h-row justify-content-lg-center justify-content-md-center justify-content-center align-items-lg-stretch align-items-md-stretch align-items-stretch gutters-col-lg-0 gutters-col-md-0 gutters-col-0 gutters-col-v-lg-0 gutters-col-v-md-0 gutters-col-v-0\">\n          <!---->\n          <div class=\"h-column h-column-container d-flex h-col-lg-auto h-col-md-auto h-col-auto style-1239-outer style-local-595-c4-outer\">\n            <div data-colibri-id=\"595-c4\" class=\"d-flex h-flex-basis h-column__inner h-px-lg-0 h-px-md-0 h-px-0 v-inner-lg-0 v-inner-md-0 v-inner-0 style-1239 style-local-595-c4 position-relative\">\n              <!---->\n              <!---->\n              <div class=\"w-100 h-y-container h-column__content h-column__v-align flex-basis-100 align-self-lg-start align-self-md-start align-self-start\">\n                <!---->\n                <div data-colibri-id=\"595-c5\" class=\"h-row-container gutters-row-lg-0 gutters-row-md-0 gutters-row-0 gutters-row-v-lg-0 gutters-row-v-md-0 gutters-row-v-0 style-1240 style-local-595-c5 position-relative\">\n                  <!---->\n                  <div class=\"h-row justify-content-lg-center justify-content-md-center justify-content-center align-items-lg-stretch align-items-md-stretch align-items-stretch gutters-col-lg-0 gutters-col-md-0 gutters-col-0 gutters-col-v-lg-0 gutters-col-v-md-0 gutters-col-v-0\">\n                    <!---->\n                    <div class=\"h-column h-column-container d-flex h-col-lg-auto h-col-md-auto h-col-auto style-1241-outer style-local-595-c6-outer\">\n                      <div data-colibri-id=\"595-c6\" class=\"d-flex h-flex-basis h-column__inner h-px-lg-0 h-px-md-0 h-px-0 v-inner-lg-0 v-inner-md-0 v-inner-0 style-1241 style-local-595-c6 position-relative\">\n                        <!---->\n                        <!---->\n                        <div class=\"w-100 h-y-container h-column__content h-column__v-align flex-basis-100 align-self-lg-center align-self-md-center align-self-center\">\n                          <!---->\n                          <div data-colibri-id=\"595-c7\" class=\"h-global-transition-all h-heading style-1242 style-local-595-c7 position-relative h-element\">\n                            <!---->\n                            <div class=\"h-heading__outer style-1242 style-local-595-c7\">\n                              <!---->\n                              <!---->\n                              <h1 class=\"\">Busvizslans kennel<\/h1>\n                            <\/div>\n                          <\/div>\n                          <div data-colibri-id=\"595-c8\" class=\"h-text h-text-component style-1243 style-local-595-c8 position-relative h-element\">\n                            <!---->\n                            <!---->\n                            <div class=\"\">\n                              <p>uppf\u00f6dare av ungersk vizsla<\/p>\n                            <\/div>\n                          <\/div>\n                          <div data-colibri-component=\"dropdown-menu\" role=\"navigation\" h-use-smooth-scroll-all=\"true\" data-colibri-id=\"595-c9\" class=\"h-menu h-global-transition-all h-ignore-global-body-typography has-offcanvas-mobile h-menu-horizontal h-dropdown-menu style-1244 style-local-595-c9 position-relative h-element\">\n                            <!---->\n                            <div class=\"h-global-transition-all h-main-menu\"><div class=\"colibri-menu-container\"><ul id=\"menu-huvudmeny\" class=\"colibri-menu bordered-active-item bordered-active-item--bottom effect-borders-grow grow-from-left\"><li id=\"menu-item-554\" class=\"menu-item menu-item-type-post_type menu-item-object-page menu-item-home menu-item-554\"><a href=\"https:\/\/busvizslan.se\/\">Startsida<\/a><\/li>\n<li id=\"menu-item-614\" class=\"menu-item menu-item-type-post_type menu-item-object-page menu-item-614\"><a href=\"https:\/\/busvizslan.se\/?page_id=595\">Om v\u00e5r kennel<\/a><\/li>\n<li id=\"menu-item-626\" class=\"menu-item menu-item-type-post_type menu-item-object-page menu-item-626\"><a href=\"https:\/\/busvizslan.se\/?page_id=623\">Valpar<\/a><\/li>\n<li id=\"menu-item-704\" class=\"menu-item menu-item-type-post_type menu-item-object-page menu-item-704\"><a href=\"https:\/\/busvizslan.se\/?page_id=686\">Kontakt<\/a><\/li>\n<li id=\"menu-item-755\" class=\"menu-item menu-item-type-post_type menu-item-object-page menu-item-755\"><a href=\"https:\/\/busvizslan.se\/?page_id=749\">Nyheter<\/a><\/li>\n<\/ul><\/div><\/div>\n                            <div data-colibri-id=\"595-c10\" class=\"h-mobile-menu h-global-transition-disable style-1245 style-local-595-c10 position-relative h-element\">\n                              <!---->\n                              <a data-click-outside=\"true\" data-target=\"#offcanvas-wrapper-595-c10\" data-target-id=\"offcanvas-wrapper-595-c10\" data-offcanvas-overlay-id=\"offcanvas-overlay-595-c10\" href=\"#\" data-colibri-component=\"offcanvas\" data-direction=\"right\"\n                                data-push=\"false\" title=\"Menu\" class=\"h-hamburger-button\">\n                                <div class=\"icon-container h-hamburger-icon\">\n                                  <div class=\"h-icon-svg\" style=\"width: 100%; height: 100%;\">\n                                    <!--Icon by Font Awesome (https:\/\/fontawesome.com)-->\n                                    <svg version=\"1.1\" xmlns=\"http:\/\/www.w3.org\/2000\/svg\" xmlns:xlink=\"http:\/\/www.w3.org\/1999\/xlink\" id=\"bars\" viewBox=\"0 0 1536 1896.0833\">\n                                      <path d=\"M1536 1344v128q0 26-19 45t-45 19H64q-26 0-45-19t-19-45v-128q0-26 19-45t45-19h1408q26 0 45 19t19 45zm0-512v128q0 26-19 45t-45 19H64q-26 0-45-19T0 960V832q0-26 19-45t45-19h1408q26 0 45 19t19 45zm0-512v128q0 26-19 45t-45 19H64q-26 0-45-19T0 448V320q0-26 19-45t45-19h1408q26 0 45 19t19 45z\"><\/path>\n                                    <\/svg>\n                                  <\/div>\n                                <\/div>\n                              <\/a>\n                              <div id=\"offcanvas-wrapper-595-c10\" class=\"h-offcanvas-panel offcanvas offcanvas-right hide force-hide style-1245-offscreen style-local-595-c10-offscreen\">\n                                <div data-colibri-id=\"595-c11\" class=\"d-flex flex-column h-offscreen-panel style-1246 style-local-595-c11 position-relative h-element\">\n                                  <!---->\n                                  <div class=\"offscreen-header h-ui-empty-state-container\">\n                                    <div data-colibri-id=\"595-c13\" class=\"h-row-container gutters-row-lg-0 gutters-row-md-0 gutters-row-0 gutters-row-v-lg-0 gutters-row-v-md-0 gutters-row-v-0 style-1248 style-local-595-c13 position-relative\">\n                                      <!---->\n                                      <div class=\"h-row justify-content-lg-center justify-content-md-center justify-content-center align-items-lg-stretch align-items-md-stretch align-items-stretch gutters-col-lg-0 gutters-col-md-0 gutters-col-0 gutters-col-v-lg-0 gutters-col-v-md-0 gutters-col-v-0\">\n                                        <!---->\n                                        <div class=\"h-column h-column-container d-flex h-col-lg h-col-md h-col-auto style-1249-outer style-local-595-c14-outer\">\n                                          <div data-colibri-id=\"595-c14\" class=\"d-flex h-flex-basis h-column__inner h-px-lg-2 h-px-md-2 h-px-2 v-inner-lg-2 v-inner-md-2 v-inner-2 style-1249 style-local-595-c14 position-relative\">\n                                            <!---->\n                                            <!---->\n                                            <div class=\"w-100 h-y-container h-column__content h-column__v-align flex-basis-100 align-self-lg-start align-self-md-start align-self-start\">\n                                              <!---->\n                                              <div data-colibri-id=\"595-c15\" class=\"d-flex align-items-center text-lg-center text-md-center text-center justify-content-lg-center justify-content-md-center justify-content-center style-1250 style-local-595-c15 position-relative h-element\">\n                                                <!---->\n                                                <a rel=\"home\" href=\"https:\/\/busvizslan.se\/\" h-use-smooth-scroll=\"true\" class=\"d-flex align-items-center\">\n                                                  <img decoding=\"async\" src=\"https:\/\/busvizslan.se\/wp-content\/uploads\/2023\/01\/Busvizslanlogotyp.jpg\" class=\"h-logo__image h-logo__image_h logo-image style-1250-image style-local-595-c15-image\" alt=\"\" \/>\n                                                  <img decoding=\"async\" src=\"https:\/\/busvizslan.se\/wp-content\/uploads\/2023\/01\/Busvizslanlogotyp.jpg\" class=\"h-logo__alt-image h-logo__alt-image_h logo-alt-image style-1250-image style-local-595-c15-image\">\n                                                <\/a>\n                                              <\/div>\n                                            <\/div>\n                                          <\/div>\n                                        <\/div>\n                                      <\/div>\n                                    <\/div>\n                                  <\/div>\n                                  <div class=\"offscreen-content\">\n                                    <!---->\n                                    <div data-colibri-component=\"accordion-menu\" role=\"navigation\" h-use-smooth-scroll-all=\"true\" data-colibri-id=\"595-c12\" class=\"h-menu h-global-transition-all h-ignore-global-body-typography h-mobile-menu h-menu-accordion style-1247 style-local-595-c12 position-relative h-element\">\n                                      <!---->\n                                      <div class=\"h-global-transition-all h-mobile-menu\"><div class=\"colibri-menu-container\"><ul id=\"menu-huvudmeny-1\" class=\"colibri-menu none \"><li class=\"menu-item menu-item-type-post_type menu-item-object-page menu-item-home menu-item-554\"><a href=\"https:\/\/busvizslan.se\/\">Startsida<\/a><\/li>\n<li class=\"menu-item menu-item-type-post_type menu-item-object-page menu-item-614\"><a href=\"https:\/\/busvizslan.se\/?page_id=595\">Om v\u00e5r kennel<\/a><\/li>\n<li class=\"menu-item menu-item-type-post_type menu-item-object-page menu-item-626\"><a href=\"https:\/\/busvizslan.se\/?page_id=623\">Valpar<\/a><\/li>\n<li class=\"menu-item menu-item-type-post_type menu-item-object-page menu-item-704\"><a href=\"https:\/\/busvizslan.se\/?page_id=686\">Kontakt<\/a><\/li>\n<li class=\"menu-item menu-item-type-post_type menu-item-object-page menu-item-755\"><a href=\"https:\/\/busvizslan.se\/?page_id=749\">Nyheter<\/a><\/li>\n<\/ul><\/div><\/div>\n                                    <\/div>\n                                  <\/div>\n                                  <div class=\"offscreen-footer h-ui-empty-state-container\">\n                                    <div data-colibri-id=\"595-c16\" class=\"h-row-container gutters-row-lg-0 gutters-row-md-0 gutters-row-0 gutters-row-v-lg-0 gutters-row-v-md-0 gutters-row-v-0 style-1251 style-local-595-c16 position-relative\">\n                                      <!---->\n                                      <div class=\"h-row justify-content-lg-center justify-content-md-center justify-content-center align-items-lg-stretch align-items-md-stretch align-items-stretch gutters-col-lg-0 gutters-col-md-0 gutters-col-0 gutters-col-v-lg-0 gutters-col-v-md-0 gutters-col-v-0\">\n                                        <!---->\n                                        <div class=\"h-column h-column-container d-flex h-col-lg h-col-md h-col-auto style-1252-outer style-local-595-c17-outer\">\n                                          <div data-colibri-id=\"595-c17\" class=\"d-flex h-flex-basis h-column__inner h-px-lg-2 h-px-md-2 h-px-2 v-inner-lg-2 v-inner-md-2 v-inner-2 style-1252 style-local-595-c17 position-relative\">\n                                            <!---->\n                                            <!---->\n                                            <div class=\"w-100 h-y-container h-column__content h-column__v-align flex-basis-100 align-self-lg-start align-self-md-start align-self-start\">\n                                              <!---->\n                                              <div data-colibri-id=\"595-c18\" class=\"h-text h-text-component style-1253 style-local-595-c18 position-relative h-element\">\n                                                <!---->\n                                                <!---->\n                                                <div class=\"\">\n                                                  <p>\u00a9 2023<\/p>\n                                                <\/div>\n                                              <\/div>\n                                            <\/div>\n                                          <\/div>\n                                        <\/div>\n                                      <\/div>\n                                    <\/div>\n                                  <\/div>\n                                <\/div>\n                              <\/div>\n                              <div id=\"offcanvas-overlay-595-c10\" class=\"offscreen-overlay style-1245-offscreenOverlay style-local-595-c10-offscreenOverlay\"><\/div>\n                            <\/div>\n                          <\/div>\n                        <\/div>\n                      <\/div>\n                    <\/div>\n                  <\/div>\n                <\/div>\n              <\/div>\n            <\/div>\n          <\/div>\n        <\/div>\n      <\/div>\n    <\/div>\n  <\/div>\n  <div data-colibri-component=\"section\" data-colibri-id=\"595-c19\" id=\"about\" class=\"h-section h-section-global-spacing d-flex align-items-lg-center align-items-md-center align-items-center style-1254 style-local-595-c19 position-relative\">\n    <!---->\n    <!---->\n    <div class=\"h-section-grid-container h-section-boxed-container\">\n      <!---->\n      <div data-colibri-id=\"595-c20\" class=\"h-row-container gutters-row-lg-1 gutters-row-md-1 gutters-row-0 gutters-row-v-lg-1 gutters-row-v-md-1 gutters-row-v-1 style-1255 style-local-595-c20 position-relative\">\n        <!---->\n        <div class=\"h-row justify-content-lg-center justify-content-md-center justify-content-center align-items-lg-center align-items-md-center align-items-center gutters-col-lg-1 gutters-col-md-1 gutters-col-0 gutters-col-v-lg-1 gutters-col-v-md-1 gutters-col-v-1\">\n          <!---->\n          <div class=\"h-column h-column-container d-flex h-col-lg-auto h-col-md-auto h-col-auto align-self-lg-center align-self-md-center align-self-center style-1256-outer style-local-595-c21-outer\">\n            <div data-colibri-id=\"595-c21\" class=\"d-flex h-flex-basis h-column__inner h-px-lg-1 h-px-md-1 h-px-1 v-inner-lg-1 v-inner-md-1 v-inner-1 style-1256 style-local-595-c21 position-relative\">\n              <!---->\n              <!---->\n              <div class=\"w-100 h-y-container h-column__content h-column__v-align flex-basis-100 align-self-lg-start align-self-md-start align-self-start\">\n                <!---->\n                <div data-colibri-id=\"595-c22\" class=\"h-text h-text-component style-1257 style-local-595-c22 position-relative h-element\">\n                  <!---->\n                  <!---->\n                  <div class=\"\">\n                    <p>Jag&nbsp;heter Eva&nbsp;Kits Nilsson&nbsp;och tillsammans med min man, Sune,&nbsp;f\u00f6der vi upp korth\u00e5rig ungersk vizsla i hemmilj\u00f6, 2 mil v\u00e4ster om V\u00e4ster\u00e5s.&nbsp;<span style=\"color: rgb(5, 5, 5); font-family: Average; font-size: 15px; font-weight: 400;\">I familjen ing\u00e5r \u00e4ven Jessie (2018), Millie (2024) samt labradorerna Ayla (2020) och Wicki (2024). 2023 tillkom \u00e4ven katten Mija II.<\/span><\/p>\n                    <p>M\u00e5ls\u00e4ttningen \u00e4r att f\u00f6da upp samarbetsvilliga friska hundar som \u00e4ven har en bra exteri\u00f6r.&nbsp;De skall vara mentalt sunda och fungera bra i vardagslivet. Tillsammans f\u00f6rs\u00f6ker vi ge v\u00e5ra valpk\u00f6pare r\u00e5d och st\u00f6d i tr\u00e4ning.<\/p>\n                    <p>Min f\u00f6rsta vizsla, Huvigas Bennie, k\u00f6pte jag av Birgit Mattsson 1992, kennel Huvigas. Intresset f\u00f6r jakt v\u00e4cktes med honom. Bennie blev den andra vizslan i Sverige som blev utst\u00e4llningschampion. V<span style=\"font-weight: 400; font-size: 15px; color: rgb(8, 8, 9);\">\u00e5r Tessa, Contessa av Mi\u00e9ssev\u00e1rri, blev Sveriges f\u00f6rsta jaktchampion 2008. Genom \u00e5ren har det f\u00f6ljts av fler som blivit b\u00e5de jakt,- viltsp\u00e5r- och utst\u00e4llningschampion. <\/span><\/p>\n                  <\/div>\n                <\/div>\n              <\/div>\n            <\/div>\n          <\/div>\n          <div class=\"h-column h-column-container d-flex h-col-lg-auto h-col-md-auto h-col-auto align-self-lg-center align-self-md-center align-self-center style-1258-outer style-local-595-c23-outer\">\n            <div data-colibri-id=\"595-c23\" class=\"d-flex h-flex-basis h-column__inner h-px-lg-1 h-px-md-1 h-px-1 v-inner-lg-1 v-inner-md-1 v-inner-1 style-1258 style-local-595-c23 position-relative\">\n              <!---->\n              <!---->\n              <div class=\"w-100 h-y-container h-column__content h-column__v-align flex-basis-100 align-self-lg-start align-self-md-start align-self-start\">\n                <!---->\n                <div data-colibri-id=\"595-c24\" class=\"d-block style-1259 style-local-595-c24 position-relative h-element\">\n                  <!---->\n                  <div class=\"h-image__frame-container-outer\">\n                    <div class=\"h-image__frame-container\">\n                      <!---->\n                      <!---->\n                      <img loading=\"lazy\" decoding=\"async\" width=\"2245\" height=\"2239\" src=\"https:\/\/busvizslan.se\/wp-content\/uploads\/2023\/01\/20190920_145225_edited.jpg\" class=\"wp-image-475 style-1259-image style-local-595-c24-image\" alt=\"\" \/>\n                      <div class=\"h-image__frame h-hide-lg h-hide-md h-hide-sm style-1259-frameImage style-local-595-c24-frameImage\"><\/div>\n                    <\/div>\n                  <\/div>\n                <\/div>\n              <\/div>\n            <\/div>\n          <\/div>\n        <\/div>\n      <\/div>\n    <\/div>\n  <\/div>\n<\/div>","protected":false},"excerpt":{"rendered":"<p>Busvizslans kennel uppf\u00f6dare av ungersk vizsla \u00a9 2023 Jag&nbsp;heter Eva&nbsp;Kits Nilsson&nbsp;och tillsammans med min man, Sune,&nbsp;f\u00f6der vi upp korth\u00e5rig ungersk vizsla i hemmilj\u00f6, 2 mil v\u00e4ster om V\u00e4ster\u00e5s.&nbsp;I familjen ing\u00e5r \u00e4ven Jessie (2018), Millie (2024) samt labradorerna Ayla (2020) och Wicki (2024). 2023 tillkom \u00e4ven katten Mija II. M\u00e5ls\u00e4ttningen \u00e4r att f\u00f6da upp samarbetsvilliga friska [&hellip;]<\/p>\n","protected":false},"author":1,"featured_media":0,"parent":0,"menu_order":0,"comment_status":"closed","ping_status":"closed","template":"page-templates\/homepage.php","meta":{"footnotes":"","_links_to":"","_links_to_target":""},"class_list":["post-595","page","type-page","status-publish","hentry"],"_links":{"self":[{"href":"https:\/\/busvizslan.se\/index.php?rest_route=\/wp\/v2\/pages\/595","targetHints":{"allow":["GET"]}}],"collection":[{"href":"https:\/\/busvizslan.se\/index.php?rest_route=\/wp\/v2\/pages"}],"about":[{"href":"https:\/\/busvizslan.se\/index.php?rest_route=\/wp\/v2\/types\/page"}],"author":[{"embeddable":true,"href":"https:\/\/busvizslan.se\/index.php?rest_route=\/wp\/v2\/users\/1"}],"replies":[{"embeddable":true,"href":"https:\/\/busvizslan.se\/index.php?rest_route=%2Fwp%2Fv2%2Fcomments&post=595"}],"version-history":[{"count":16,"href":"https:\/\/busvizslan.se\/index.php?rest_route=\/wp\/v2\/pages\/595\/revisions"}],"predecessor-version":[{"id":1130,"href":"https:\/\/busvizslan.se\/index.php?rest_route=\/wp\/v2\/pages\/595\/revisions\/1130"}],"wp:attachment":[{"href":"https:\/\/busvizslan.se\/index.php?rest_route=%2Fwp%2Fv2%2Fmedia&parent=595"}],"curies":[{"name":"wp","href":"https:\/\/api.w.org\/{rel}","templated":true}]}}